{"id":70,"date":"2017-04-29T13:33:32","date_gmt":"2017-04-29T13:33:32","guid":{"rendered":"https:\/\/solucoesmidiadigital.com.br\/guia\/produto\/niagara-falls-getaway-with-dining-wine-tasting\/"},"modified":"2017-05-01T14:30:30","modified_gmt":"2017-05-01T14:30:30","slug":"niagara-falls-getaway-com-jantar-e-degustacao-de-vinhos","status":"publish","type":"product","link":"https:\/\/solucoesmidiadigital.com.br\/guia\/produto\/niagara-falls-getaway-com-jantar-e-degustacao-de-vinhos\/","title":{"rendered":"Niagara Falls Getaway com jantar e degusta\u00e7\u00e3o de vinhos"},"content":{"rendered":"<p>A melhor op\u00e7\u00e3o para um ref\u00fagio relaxado em Niagara Falls.<\/p>\n","protected":false},"excerpt":{"rendered":"<p>A melhor op\u00e7\u00e3o para um ref\u00fagio relaxado em Niagara Falls.<\/p>\n","protected":false},"featured_media":71,"comment_status":"closed","ping_status":"closed","template":"","meta":[],"_links":{"self":[{"href":"https:\/\/solucoesmidiadigital.com.br\/guia\/wp-json\/wp\/v2\/product\/70"}],"collection":[{"href":"https:\/\/solucoesmidiadigital.com.br\/guia\/wp-json\/wp\/v2\/product"}],"about":[{"href":"https:\/\/solucoesmidiadigital.com.br\/guia\/wp-json\/wp\/v2\/types\/product"}],"replies":[{"embeddable":true,"href":"https:\/\/solucoesmidiadigital.com.br\/guia\/wp-json\/wp\/v2\/comments?post=70"}],"wp:featuredmedia":[{"embeddable":true,"href":"https:\/\/solucoesmidiadigital.com.br\/guia\/wp-json\/wp\/v2\/media\/71"}],"wp:attachment":[{"href":"https:\/\/solucoesmidiadigital.com.br\/guia\/wp-json\/wp\/v2\/media?parent=70"}],"curies":[{"name":"wp","href":"https:\/\/api.w.org\/{rel}","templated":true}]}}