{"id":65,"date":"2017-04-29T13:33:25","date_gmt":"2017-04-29T13:33:25","guid":{"rendered":"https:\/\/solucoesmidiadigital.com.br\/guia\/produto\/up-to-50-off-at-alo-restaurant\/"},"modified":"2017-05-01T14:30:24","modified_gmt":"2017-05-01T14:30:24","slug":"up-to-50-off-at-alo-restaurant","status":"publish","type":"product","link":"https:\/\/solucoesmidiadigital.com.br\/guia\/produto\/up-to-50-off-at-alo-restaurant\/","title":{"rendered":"At\u00e9 50% de desconto no Restaurante Alo"},"content":{"rendered":"<p>Escolha qualquer dois ou mais por US $ 5,99 cada: m\u00e9dio 2-topping pizza, frango especialidade, forno-assados \u200b\u200bsandu\u00edche, recheado queijo p\u00e3o e 8 pe\u00e7as frango.<\/p>\n","protected":false},"excerpt":{"rendered":"<p>Escolha qualquer dois ou mais por US $ 5,99 cada: m\u00e9dio 2-topping pizza, frango especialidade, forno-assados \u200b\u200bsandu\u00edche, recheado queijo p\u00e3o e 8 pe\u00e7as frango.<\/p>\n","protected":false},"featured_media":66,"comment_status":"closed","ping_status":"closed","template":"","meta":[],"_links":{"self":[{"href":"https:\/\/solucoesmidiadigital.com.br\/guia\/wp-json\/wp\/v2\/product\/65"}],"collection":[{"href":"https:\/\/solucoesmidiadigital.com.br\/guia\/wp-json\/wp\/v2\/product"}],"about":[{"href":"https:\/\/solucoesmidiadigital.com.br\/guia\/wp-json\/wp\/v2\/types\/product"}],"replies":[{"embeddable":true,"href":"https:\/\/solucoesmidiadigital.com.br\/guia\/wp-json\/wp\/v2\/comments?post=65"}],"wp:featuredmedia":[{"embeddable":true,"href":"https:\/\/solucoesmidiadigital.com.br\/guia\/wp-json\/wp\/v2\/media\/66"}],"wp:attachment":[{"href":"https:\/\/solucoesmidiadigital.com.br\/guia\/wp-json\/wp\/v2\/media?parent=65"}],"curies":[{"name":"wp","href":"https:\/\/api.w.org\/{rel}","templated":true}]}}